{"id":124,"date":"2020-12-17T17:57:01","date_gmt":"2020-12-17T17:57:01","guid":{"rendered":"https:\/\/todd-loeppky.c21.ca\/agent-homepage"},"modified":"2025-02-25T18:56:51","modified_gmt":"2025-02-26T02:56:51","slug":"agent-homepage","status":"publish","type":"page","link":"https:\/\/loeppkygroup.ca\/fr-ca\/agent-homepage","title":{"rendered":"ACCUEIL"},"content":{"rendered":"\r\n<h2>MA MISSION : OFFRIR UNE EXP\u00c9RIENCE EXTRAORDINAIRE<\/h2>\r\n<p>\u00c0 titre de courtier immobilier CENTURY\u00a021<sup>MD<\/sup>, je m&#8217;engage \u00e0 vous offrir un service de la plus haute qualit\u00e9, en alliant mes connaissances exceptionnelles du march\u00e9 immobilier local \u00e0 la puissance de la marque CENTURY\u00a021, l&#8217;une des banni\u00e8res immobili\u00e8res les plus reconnues au monde.<\/p>\r\n<h2>NOUVELLES DU QUARTIER<\/h2>\r\n<p>Vous voulez en savoir plus sur un quartier en particulier? Remplissez le formulaire pour d\u00e9marrer.<\/p>\r\n<p><a href=\"\/fr-ca\/neighborhood-news\" target=\"_self\" rel=\"noopener\"> COMMENCER <\/a> <img decoding=\"async\" title=\"french_neighborhood-news-iphone-mockup-cropped-1024x942\" src=\"https:\/\/templates.c21canada.moxiworks.net\/files\/2021\/02\/french_neighborhood-news-iphone-mockup-cropped-1024x942-1.png\" alt=\"french_neighborhood-news-iphone-mockup-cropped-1024x942\" width=\"1024\" height=\"942\" \/><\/p>\r\n","protected":false},"excerpt":{"rendered":"<p>MA MISSION : OFFRIR UNE EXP\u00c9RIENCE EXTRAORDINAIRE \u00c0 titre de courtier immobilier CENTURY\u00a021MD, je m&#8217;engage \u00e0 vous offrir un service de la plus haute qualit\u00e9, en alliant mes connaissances exceptionnelles du march\u00e9 immobilier local \u00e0 la puissance de la marque CENTURY\u00a021, l&#8217;une des banni\u00e8res immobili\u00e8res les plus reconnues au monde. NOUVELLES DU QUARTIER Vous voulez [&hellip;]<\/p>\n","protected":false},"author":14684,"featured_media":1771,"parent":0,"menu_order":0,"comment_status":"closed","ping_status":"closed","template":"","meta":{"footnotes":""},"class_list":["post-124","page","type-page","status-publish","has-post-thumbnail","hentry"],"_links":{"self":[{"href":"https:\/\/loeppkygroup.ca\/fr-ca\/wp-json\/wp\/v2\/pages\/124","targetHints":{"allow":["GET"]}}],"collection":[{"href":"https:\/\/loeppkygroup.ca\/fr-ca\/wp-json\/wp\/v2\/pages"}],"about":[{"href":"https:\/\/loeppkygroup.ca\/fr-ca\/wp-json\/wp\/v2\/types\/page"}],"author":[{"embeddable":true,"href":"https:\/\/loeppkygroup.ca\/fr-ca\/wp-json\/wp\/v2\/users\/14684"}],"replies":[{"embeddable":true,"href":"https:\/\/loeppkygroup.ca\/fr-ca\/wp-json\/wp\/v2\/comments?post=124"}],"version-history":[{"count":0,"href":"https:\/\/loeppkygroup.ca\/fr-ca\/wp-json\/wp\/v2\/pages\/124\/revisions"}],"wp:featuredmedia":[{"embeddable":true,"href":"https:\/\/loeppkygroup.ca\/fr-ca\/wp-json\/"}],"wp:attachment":[{"href":"https:\/\/loeppkygroup.ca\/fr-ca\/wp-json\/wp\/v2\/media?parent=124"}],"curies":[{"name":"wp","href":"https:\/\/api.w.org\/{rel}","templated":true}]}}